{"id":41,"date":"2022-12-05T03:50:08","date_gmt":"2022-12-05T03:50:08","guid":{"rendered":"https:\/\/www.sites.grandecircular.com\/galaxia-da-ciencia\/?page_id=41"},"modified":"2023-03-07T09:31:41","modified_gmt":"2023-03-07T09:31:41","slug":"pagina-inicial","status":"publish","type":"page","link":"https:\/\/www.sites.grandecircular.com\/galaxia-da-ciencia\/","title":{"rendered":"Gal\u00e1xia da Ci\u00eancia Brasileira"},"content":{"rendered":"\n<p class=\"has-text-align-center has-2-xl-font-size\">Bem-vindo(a) \u00e0 p\u00e1gina criada para homenagear os 200 anos da Independ\u00eancia do Brasil no \u00e2mbito da Ci\u00eancia, Tecnologia e Inova\u00e7\u00e3o.<\/p>\n\n\n\n<hr class=\"wp-block-separator has-text-color has-slate-300-color has-alpha-channel-opacity has-slate-300-background-color has-background is-style-wide\"\/>\n\n\n\n<p class=\"has-text-align-center\">Sabemos que a ci\u00eancia atravessa todas as atividades sociais, est\u00e1 em todos os lugares e \u00e9 feita todo dia. A inten\u00e7\u00e3o deste site n\u00e3o \u00e9 reduzir as celebra\u00e7\u00f5es a uma \u00fanica linha temporal, nem retratar os m\u00e9ritos individuais dos cientistas brasileiros.&nbsp;<\/p>\n\n\n\n<p class=\"has-text-align-center\">Aqui, os marcos cient\u00edficos e suas datas revelam conex\u00f5es em uma longa linha do tempo cheia de tramas, investiga\u00e7\u00f5es cont\u00ednuas, linhagens intelectuais e rela\u00e7\u00f5es institucionais, construindo teias que se assemelham a verdadeiras constela\u00e7\u00f5es. \u00c9 como se cada registro representasse uma estrela na gigantesca Gal\u00e1xia da Ci\u00eancia Brasileira. Desejamos uma produtiva viagem ao conhecimento proporcionada em cada constela\u00e7\u00e3o<\/p>\n","protected":false},"excerpt":{"rendered":"<p>Bem-vindo(a) \u00e0 p\u00e1gina criada para homenagear os 200 anos da Independ\u00eancia do Brasil no \u00e2mbito da Ci\u00eancia, Tecnologia e Inova\u00e7\u00e3o. Sabemos que a ci\u00eancia atravessa todas as atividades sociais, est\u00e1 em todos os lugares e \u00e9 feita todo dia. A inten\u00e7\u00e3o deste site n\u00e3o \u00e9 reduzir as celebra\u00e7\u00f5es a uma \u00fanica linha temporal, nem retratar &hellip; <a href=\"https:\/\/www.sites.grandecircular.com\/galaxia-da-ciencia\/\">Continued<\/a><\/p>\n","protected":false},"author":1,"featured_media":0,"parent":0,"menu_order":0,"comment_status":"closed","ping_status":"closed","template":"","meta":{"footnotes":""},"class_list":["post-41","page","type-page","status-publish","hentry"],"acf":[],"_links":{"self":[{"href":"https:\/\/www.sites.grandecircular.com\/galaxia-da-ciencia\/wp-json\/wp\/v2\/pages\/41","targetHints":{"allow":["GET"]}}],"collection":[{"href":"https:\/\/www.sites.grandecircular.com\/galaxia-da-ciencia\/wp-json\/wp\/v2\/pages"}],"about":[{"href":"https:\/\/www.sites.grandecircular.com\/galaxia-da-ciencia\/wp-json\/wp\/v2\/types\/page"}],"author":[{"embeddable":true,"href":"https:\/\/www.sites.grandecircular.com\/galaxia-da-ciencia\/wp-json\/wp\/v2\/users\/1"}],"replies":[{"embeddable":true,"href":"https:\/\/www.sites.grandecircular.com\/galaxia-da-ciencia\/wp-json\/wp\/v2\/comments?post=41"}],"version-history":[{"count":16,"href":"https:\/\/www.sites.grandecircular.com\/galaxia-da-ciencia\/wp-json\/wp\/v2\/pages\/41\/revisions"}],"predecessor-version":[{"id":1540,"href":"https:\/\/www.sites.grandecircular.com\/galaxia-da-ciencia\/wp-json\/wp\/v2\/pages\/41\/revisions\/1540"}],"wp:attachment":[{"href":"https:\/\/www.sites.grandecircular.com\/galaxia-da-ciencia\/wp-json\/wp\/v2\/media?parent=41"}],"curies":[{"name":"wp","href":"https:\/\/api.w.org\/{rel}","templated":true}]}}