{"id":583,"date":"2022-12-21T14:16:41","date_gmt":"2022-12-21T14:16:41","guid":{"rendered":"https:\/\/www.sites.grandecircular.com\/galaxia-da-ciencia\/?page_id=583"},"modified":"2023-06-14T14:25:34","modified_gmt":"2023-06-14T14:25:34","slug":"sobre","status":"publish","type":"page","link":"https:\/\/www.sites.grandecircular.com\/galaxia-da-ciencia\/sobre\/","title":{"rendered":"Sobre"},"content":{"rendered":"\n<p>Bem-vindo(a) \u00e0 p\u00e1gina criada para homenagear os 200 anos da Independ\u00eancia do Brasil no \u00e2mbito da Ci\u00eancia, Tecnologia e Inova\u00e7\u00e3o.<\/p>\n\n\n\n<p>Sabemos que a ci\u00eancia atravessa todas as atividades sociais, est\u00e1 em todos os lugares e \u00e9 feita todo dia. A inten\u00e7\u00e3o deste site n\u00e3o \u00e9 reduzir as celebra\u00e7\u00f5es a uma \u00fanica linha temporal, nem retratar os m\u00e9ritos individuais dos cientistas brasileiros.&nbsp;<\/p>\n\n\n\n<p>Aqui, os marcos cient\u00edficos e suas datas revelam conex\u00f5es em uma longa linha do tempo cheia de tramas, investiga\u00e7\u00f5es cont\u00ednuas, linhagens intelectuais e rela\u00e7\u00f5es institucionais, construindo teias que se assemelham a verdadeiras constela\u00e7\u00f5es. \u00c9 como se cada registro representasse uma estrela na gigantesca Gal\u00e1xia da Ci\u00eancia Brasileira. Desejamos uma produtiva viagem ao conhecimento proporcionada em cada constela\u00e7\u00e3o<\/p>\n\n\n\n<figure class=\"wp-block-pullquote\"><blockquote><p> <\/p><\/blockquote><\/figure>\n\n\n\n<h1 class=\"wp-block-heading\">Conhe\u00e7a mais sobre o nosso universo<\/h1>\n\n\n<div class=\"link-externo\">\n    <a href=\"https:\/\/www.sites.grandecircular.com\/galaxia-da-ciencia\/wp-content\/uploads\/2023\/01\/2016_CristinaElsnerdeFaria.pdf\" target=\"_blank\">\n                                <figure class=\"link-externo__thumbnail\">\n                <img loading=\"lazy\" decoding=\"async\" width=\"300\" height=\"300\" src=\"https:\/\/www.sites.grandecircular.com\/galaxia-da-ciencia\/wp-content\/uploads\/2023\/01\/BC_Livros-300x300.png\" class=\"link-externo__thumbnail-img\" alt=\"\" srcset=\"https:\/\/www.sites.grandecircular.com\/galaxia-da-ciencia\/wp-content\/uploads\/2023\/01\/BC_Livros.png 300w, https:\/\/www.sites.grandecircular.com\/galaxia-da-ciencia\/wp-content\/uploads\/2023\/01\/BC_Livros-150x150.png 150w\" sizes=\"auto, (max-width: 300px) 100vw, 300px\" \/>\n            <\/figure>\n                <div class=\"link-externo__content\">\n                            <h4 class=\"link-externo__titulo\">Artigo: O Papel da Confedera\u00e7\u00e3o Nacional da Ind\u00fastria na Pol\u00edtica Industrial Brasileira (1938 \u2013 2014)<\/h4>\n                                        <p class=\"link-externo__descricao\">Descri\u00e7\u00e3o do conte\u00fado lorem ipsum dolor sit amet, consectetur adipiscing elit, sed do eiusmod tempor incididunt ut labore et dolore magna aliqua.<\/p>\n                    <\/div>\n    <\/a>\n<\/div>\n\n<div class=\"link-externo\">\n    <a href=\"https:\/\/www.instagram.com\/mcti\/\" target=\"_blank\">\n                                <figure class=\"link-externo__thumbnail\">\n                <img loading=\"lazy\" decoding=\"async\" width=\"300\" height=\"300\" src=\"https:\/\/www.sites.grandecircular.com\/galaxia-da-ciencia\/wp-content\/uploads\/2023\/01\/BC_Insta-300x300.png\" class=\"link-externo__thumbnail-img\" alt=\"\" srcset=\"https:\/\/www.sites.grandecircular.com\/galaxia-da-ciencia\/wp-content\/uploads\/2023\/01\/BC_Insta-300x300.png 300w, https:\/\/www.sites.grandecircular.com\/galaxia-da-ciencia\/wp-content\/uploads\/2023\/01\/BC_Insta-150x150.png 150w, https:\/\/www.sites.grandecircular.com\/galaxia-da-ciencia\/wp-content\/uploads\/2023\/01\/BC_Insta.png 450w\" sizes=\"auto, (max-width: 300px) 100vw, 300px\" \/>\n            <\/figure>\n                <div class=\"link-externo__content\">\n                            <h4 class=\"link-externo__titulo\">Conhe\u00e7a de perto o trabalho do MCTI nas redes Sociais!<\/h4>\n                                        <p class=\"link-externo__descricao\">Descri\u00e7\u00e3o do conte\u00fado lorem ipsum dolor sit amet, consectetur adipiscing elit, sed do eiusmod tempor incididunt ut labore et dolore magna aliqua.<\/p>\n                    <\/div>\n    <\/a>\n<\/div>\n\n\n<div style=\"height:100px\" aria-hidden=\"true\" class=\"wp-block-spacer\"><\/div>\n\n\n\n<figure class=\"wp-block-gallery has-nested-images columns-4 galeria-parceiros has-white-background-color has-background wp-block-gallery-1 is-layout-flex wp-block-gallery-is-layout-flex\" style=\"padding-top:var(--wp--preset--spacing--40);padding-right:var(--wp--preset--spacing--40);padding-bottom:var(--wp--preset--spacing--40);padding-left:var(--wp--preset--spacing--40)\">\n<figure class=\"wp-block-image size-large\"><img loading=\"lazy\" decoding=\"async\" width=\"500\" height=\"300\" data-id=\"1214\" src=\"https:\/\/www.sites.grandecircular.com\/galaxia-da-ciencia\/wp-content\/uploads\/2023\/01\/Prancheta-1.png\" alt=\"\" class=\"wp-image-1214\" srcset=\"https:\/\/www.sites.grandecircular.com\/galaxia-da-ciencia\/wp-content\/uploads\/2023\/01\/Prancheta-1.png 500w, https:\/\/www.sites.grandecircular.com\/galaxia-da-ciencia\/wp-content\/uploads\/2023\/01\/Prancheta-1-300x180.png 300w\" sizes=\"auto, (max-width: 500px) 100vw, 500px\" \/><\/figure>\n\n\n\n<figure class=\"wp-block-image size-large\"><img loading=\"lazy\" decoding=\"async\" width=\"500\" height=\"300\" data-id=\"1220\" src=\"https:\/\/www.sites.grandecircular.com\/galaxia-da-ciencia\/wp-content\/uploads\/2023\/01\/Prancheta-2.png\" alt=\"\" class=\"wp-image-1220\" srcset=\"https:\/\/www.sites.grandecircular.com\/galaxia-da-ciencia\/wp-content\/uploads\/2023\/01\/Prancheta-2.png 500w, https:\/\/www.sites.grandecircular.com\/galaxia-da-ciencia\/wp-content\/uploads\/2023\/01\/Prancheta-2-300x180.png 300w\" sizes=\"auto, (max-width: 500px) 100vw, 500px\" \/><\/figure>\n\n\n\n<figure class=\"wp-block-image size-large\"><img loading=\"lazy\" decoding=\"async\" width=\"500\" height=\"300\" data-id=\"1215\" src=\"https:\/\/www.sites.grandecircular.com\/galaxia-da-ciencia\/wp-content\/uploads\/2023\/01\/Prancheta-3.png\" alt=\"\" class=\"wp-image-1215\" srcset=\"https:\/\/www.sites.grandecircular.com\/galaxia-da-ciencia\/wp-content\/uploads\/2023\/01\/Prancheta-3.png 500w, https:\/\/www.sites.grandecircular.com\/galaxia-da-ciencia\/wp-content\/uploads\/2023\/01\/Prancheta-3-300x180.png 300w\" sizes=\"auto, (max-width: 500px) 100vw, 500px\" \/><\/figure>\n\n\n\n<figure class=\"wp-block-image size-large\"><img loading=\"lazy\" decoding=\"async\" width=\"501\" height=\"300\" data-id=\"1217\" src=\"https:\/\/www.sites.grandecircular.com\/galaxia-da-ciencia\/wp-content\/uploads\/2023\/01\/Prancheta-4.png\" alt=\"\" class=\"wp-image-1217\" srcset=\"https:\/\/www.sites.grandecircular.com\/galaxia-da-ciencia\/wp-content\/uploads\/2023\/01\/Prancheta-4.png 501w, https:\/\/www.sites.grandecircular.com\/galaxia-da-ciencia\/wp-content\/uploads\/2023\/01\/Prancheta-4-300x180.png 300w\" sizes=\"auto, (max-width: 501px) 100vw, 501px\" \/><\/figure>\n\n\n\n<figure class=\"wp-block-image size-large\"><img loading=\"lazy\" decoding=\"async\" width=\"501\" height=\"300\" data-id=\"1218\" src=\"https:\/\/www.sites.grandecircular.com\/galaxia-da-ciencia\/wp-content\/uploads\/2023\/01\/Prancheta-5.png\" alt=\"\" class=\"wp-image-1218\" srcset=\"https:\/\/www.sites.grandecircular.com\/galaxia-da-ciencia\/wp-content\/uploads\/2023\/01\/Prancheta-5.png 501w, https:\/\/www.sites.grandecircular.com\/galaxia-da-ciencia\/wp-content\/uploads\/2023\/01\/Prancheta-5-300x180.png 300w\" sizes=\"auto, (max-width: 501px) 100vw, 501px\" \/><\/figure>\n\n\n\n<figure class=\"wp-block-image size-large\"><img loading=\"lazy\" decoding=\"async\" width=\"501\" height=\"300\" data-id=\"1216\" src=\"https:\/\/www.sites.grandecircular.com\/galaxia-da-ciencia\/wp-content\/uploads\/2023\/01\/Prancheta-6.png\" alt=\"\" class=\"wp-image-1216\" srcset=\"https:\/\/www.sites.grandecircular.com\/galaxia-da-ciencia\/wp-content\/uploads\/2023\/01\/Prancheta-6.png 501w, https:\/\/www.sites.grandecircular.com\/galaxia-da-ciencia\/wp-content\/uploads\/2023\/01\/Prancheta-6-300x180.png 300w\" sizes=\"auto, (max-width: 501px) 100vw, 501px\" \/><\/figure>\n\n\n\n<figure class=\"wp-block-image size-large\"><img loading=\"lazy\" decoding=\"async\" width=\"501\" height=\"300\" data-id=\"1219\" src=\"https:\/\/www.sites.grandecircular.com\/galaxia-da-ciencia\/wp-content\/uploads\/2023\/01\/Prancheta-7.png\" alt=\"\" class=\"wp-image-1219\" srcset=\"https:\/\/www.sites.grandecircular.com\/galaxia-da-ciencia\/wp-content\/uploads\/2023\/01\/Prancheta-7.png 501w, https:\/\/www.sites.grandecircular.com\/galaxia-da-ciencia\/wp-content\/uploads\/2023\/01\/Prancheta-7-300x180.png 300w\" sizes=\"auto, (max-width: 501px) 100vw, 501px\" \/><\/figure>\n<\/figure>\n","protected":false},"excerpt":{"rendered":"<p>Bem-vindo(a) \u00e0 p\u00e1gina criada para homenagear os 200 anos da Independ\u00eancia do Brasil no \u00e2mbito da Ci\u00eancia, Tecnologia e Inova\u00e7\u00e3o. Sabemos que a ci\u00eancia atravessa todas as atividades sociais, est\u00e1 em todos os lugares e \u00e9 feita todo dia. A inten\u00e7\u00e3o deste site n\u00e3o \u00e9 reduzir as celebra\u00e7\u00f5es a uma \u00fanica linha temporal, nem retratar &hellip; <a href=\"https:\/\/www.sites.grandecircular.com\/galaxia-da-ciencia\/sobre\/\">Continued<\/a><\/p>\n","protected":false},"author":1,"featured_media":1158,"parent":0,"menu_order":0,"comment_status":"closed","ping_status":"closed","template":"","meta":{"footnotes":""},"class_list":["post-583","page","type-page","status-publish","has-post-thumbnail","hentry"],"acf":[],"_links":{"self":[{"href":"https:\/\/www.sites.grandecircular.com\/galaxia-da-ciencia\/wp-json\/wp\/v2\/pages\/583","targetHints":{"allow":["GET"]}}],"collection":[{"href":"https:\/\/www.sites.grandecircular.com\/galaxia-da-ciencia\/wp-json\/wp\/v2\/pages"}],"about":[{"href":"https:\/\/www.sites.grandecircular.com\/galaxia-da-ciencia\/wp-json\/wp\/v2\/types\/page"}],"author":[{"embeddable":true,"href":"https:\/\/www.sites.grandecircular.com\/galaxia-da-ciencia\/wp-json\/wp\/v2\/users\/1"}],"replies":[{"embeddable":true,"href":"https:\/\/www.sites.grandecircular.com\/galaxia-da-ciencia\/wp-json\/wp\/v2\/comments?post=583"}],"version-history":[{"count":29,"href":"https:\/\/www.sites.grandecircular.com\/galaxia-da-ciencia\/wp-json\/wp\/v2\/pages\/583\/revisions"}],"predecessor-version":[{"id":1568,"href":"https:\/\/www.sites.grandecircular.com\/galaxia-da-ciencia\/wp-json\/wp\/v2\/pages\/583\/revisions\/1568"}],"wp:featuredmedia":[{"embeddable":true,"href":"https:\/\/www.sites.grandecircular.com\/galaxia-da-ciencia\/wp-json\/wp\/v2\/media\/1158"}],"wp:attachment":[{"href":"https:\/\/www.sites.grandecircular.com\/galaxia-da-ciencia\/wp-json\/wp\/v2\/media?parent=583"}],"curies":[{"name":"wp","href":"https:\/\/api.w.org\/{rel}","templated":true}]}}